{"id":6321,"date":"2026-05-07T17:01:05","date_gmt":"2026-05-07T10:01:05","guid":{"rendered":"https:\/\/preview.minasoft.vn\/mau-website-bat-dong-san-28-mua-ban-nha-dat-cai-dat-san\/"},"modified":"2026-05-09T09:56:11","modified_gmt":"2026-05-09T02:56:11","slug":"mau-website-bat-dong-san-28-mua-ban-nha-dat-cai-dat-san","status":"publish","type":"product","link":"https:\/\/preview.minasoft.vn\/en\/mau-website-bat-dong-san-28-mua-ban-nha-dat-cai-dat-san\/","title":{"rendered":"M\u1eabu Website B\u1ea5t \u0110\u1ed9ng S\u1ea3n 28 \u2013 Mua B\u00e1n Nh\u00e0 \u0110\u1ea5t \u2013 C\u00e0i \u0110\u1eb7t S\u1eb5n"},"content":{"rendered":"","protected":false},"excerpt":{"rendered":"","protected":false},"author":2,"featured_media":6322,"comment_status":"closed","ping_status":"closed","template":"","meta":[],"product_brand":[],"product_cat":[150],"product_tag":[],"class_list":{"0":"post-6321","1":"product","2":"type-product","3":"status-publish","4":"has-post-thumbnail","6":"product_cat-dac-biet","8":"first","9":"instock","10":"sale","11":"virtual","12":"taxable","13":"purchasable","14":"product-type-simple"},"_links":{"self":[{"href":"https:\/\/preview.minasoft.vn\/en\/wp-json\/wp\/v2\/product\/6321","targetHints":{"allow":["GET"]}}],"collection":[{"href":"https:\/\/preview.minasoft.vn\/en\/wp-json\/wp\/v2\/product"}],"about":[{"href":"https:\/\/preview.minasoft.vn\/en\/wp-json\/wp\/v2\/types\/product"}],"author":[{"embeddable":true,"href":"https:\/\/preview.minasoft.vn\/en\/wp-json\/wp\/v2\/users\/2"}],"replies":[{"embeddable":true,"href":"https:\/\/preview.minasoft.vn\/en\/wp-json\/wp\/v2\/comments?post=6321"}],"version-history":[{"count":1,"href":"https:\/\/preview.minasoft.vn\/en\/wp-json\/wp\/v2\/product\/6321\/revisions"}],"predecessor-version":[{"id":6885,"href":"https:\/\/preview.minasoft.vn\/en\/wp-json\/wp\/v2\/product\/6321\/revisions\/6885"}],"wp:featuredmedia":[{"embeddable":true,"href":"https:\/\/preview.minasoft.vn\/en\/wp-json\/wp\/v2\/media\/6322"}],"wp:attachment":[{"href":"https:\/\/preview.minasoft.vn\/en\/wp-json\/wp\/v2\/media?parent=6321"}],"wp:term":[{"taxonomy":"product_brand","embeddable":true,"href":"https:\/\/preview.minasoft.vn\/en\/wp-json\/wp\/v2\/product_brand?post=6321"},{"taxonomy":"product_cat","embeddable":true,"href":"https:\/\/preview.minasoft.vn\/en\/wp-json\/wp\/v2\/product_cat?post=6321"},{"taxonomy":"product_tag","embeddable":true,"href":"https:\/\/preview.minasoft.vn\/en\/wp-json\/wp\/v2\/product_tag?post=6321"}],"curies":[{"name":"wp","href":"https:\/\/api.w.org\/{rel}","templated":true}]}}