{"id":5024,"date":"2026-05-01T00:40:41","date_gmt":"2026-04-30T17:40:41","guid":{"rendered":"https:\/\/preview.minasoft.vn\/mau-website-gioi-thieu-cong-ty-xay-dung-02-thi-cong-cong-trinh-cai-dat-san\/"},"modified":"2026-05-02T09:19:13","modified_gmt":"2026-05-02T02:19:13","slug":"mau-website-gioi-thieu-cong-ty-xay-dung-02-thi-cong-cong-trinh-cai-dat-san","status":"publish","type":"product","link":"https:\/\/preview.minasoft.vn\/en\/mau-website-gioi-thieu-cong-ty-xay-dung-02-thi-cong-cong-trinh-cai-dat-san\/","title":{"rendered":"M\u1eabu Website Gi\u1edbi Thi\u1ec7u C\u00f4ng Ty X\u00e2y D\u1ef1ng 02 \u2013 Thi C\u00f4ng C\u00f4ng Tr\u00ecnh \u2013 C\u00e0i \u0110\u1eb7t S\u1eb5n"},"content":{"rendered":"","protected":false},"excerpt":{"rendered":"","protected":false},"author":2,"featured_media":5025,"comment_status":"closed","ping_status":"closed","template":"","meta":[],"product_brand":[],"product_cat":[134],"product_tag":[],"class_list":{"0":"post-5024","1":"product","2":"type-product","3":"status-publish","4":"has-post-thumbnail","6":"product_cat-doanh-nghiep","8":"first","9":"instock","10":"sale","11":"virtual","12":"taxable","13":"purchasable","14":"product-type-simple"},"_links":{"self":[{"href":"https:\/\/preview.minasoft.vn\/en\/wp-json\/wp\/v2\/product\/5024","targetHints":{"allow":["GET"]}}],"collection":[{"href":"https:\/\/preview.minasoft.vn\/en\/wp-json\/wp\/v2\/product"}],"about":[{"href":"https:\/\/preview.minasoft.vn\/en\/wp-json\/wp\/v2\/types\/product"}],"author":[{"embeddable":true,"href":"https:\/\/preview.minasoft.vn\/en\/wp-json\/wp\/v2\/users\/2"}],"replies":[{"embeddable":true,"href":"https:\/\/preview.minasoft.vn\/en\/wp-json\/wp\/v2\/comments?post=5024"}],"version-history":[{"count":1,"href":"https:\/\/preview.minasoft.vn\/en\/wp-json\/wp\/v2\/product\/5024\/revisions"}],"predecessor-version":[{"id":5193,"href":"https:\/\/preview.minasoft.vn\/en\/wp-json\/wp\/v2\/product\/5024\/revisions\/5193"}],"wp:featuredmedia":[{"embeddable":true,"href":"https:\/\/preview.minasoft.vn\/en\/wp-json\/wp\/v2\/media\/5025"}],"wp:attachment":[{"href":"https:\/\/preview.minasoft.vn\/en\/wp-json\/wp\/v2\/media?parent=5024"}],"wp:term":[{"taxonomy":"product_brand","embeddable":true,"href":"https:\/\/preview.minasoft.vn\/en\/wp-json\/wp\/v2\/product_brand?post=5024"},{"taxonomy":"product_cat","embeddable":true,"href":"https:\/\/preview.minasoft.vn\/en\/wp-json\/wp\/v2\/product_cat?post=5024"},{"taxonomy":"product_tag","embeddable":true,"href":"https:\/\/preview.minasoft.vn\/en\/wp-json\/wp\/v2\/product_tag?post=5024"}],"curies":[{"name":"wp","href":"https:\/\/api.w.org\/{rel}","templated":true}]}}