{"id":4788,"date":"2026-04-30T19:51:36","date_gmt":"2026-04-30T12:51:36","guid":{"rendered":"https:\/\/preview.minasoft.vn\/mau-website-hop-tac-xa-nong-san-rau-sach-thuc-pham-sach-cai-dat-san\/"},"modified":"2026-05-02T09:56:39","modified_gmt":"2026-05-02T02:56:39","slug":"mau-website-hop-tac-xa-nong-san-rau-sach-thuc-pham-sach-cai-dat-san","status":"publish","type":"product","link":"https:\/\/preview.minasoft.vn\/en\/mau-website-hop-tac-xa-nong-san-rau-sach-thuc-pham-sach-cai-dat-san\/","title":{"rendered":"M\u1eabu Website H\u1ee3p T\u00e1c X\u00e3 N\u00f4ng S\u1ea3n Rau S\u1ea1ch \u2013 Th\u1ef1c Ph\u1ea9m S\u1ea1ch \u2013 C\u00e0i \u0110\u1eb7t S\u1eb5n"},"content":{"rendered":"","protected":false},"excerpt":{"rendered":"","protected":false},"author":2,"featured_media":4789,"comment_status":"closed","ping_status":"closed","template":"","meta":[],"product_brand":[],"product_cat":[85],"product_tag":[],"class_list":{"0":"post-4788","1":"product","2":"type-product","3":"status-publish","4":"has-post-thumbnail","6":"product_cat-ban-hang","8":"first","9":"instock","10":"sale","11":"virtual","12":"taxable","13":"purchasable","14":"product-type-simple"},"_links":{"self":[{"href":"https:\/\/preview.minasoft.vn\/en\/wp-json\/wp\/v2\/product\/4788","targetHints":{"allow":["GET"]}}],"collection":[{"href":"https:\/\/preview.minasoft.vn\/en\/wp-json\/wp\/v2\/product"}],"about":[{"href":"https:\/\/preview.minasoft.vn\/en\/wp-json\/wp\/v2\/types\/product"}],"author":[{"embeddable":true,"href":"https:\/\/preview.minasoft.vn\/en\/wp-json\/wp\/v2\/users\/2"}],"replies":[{"embeddable":true,"href":"https:\/\/preview.minasoft.vn\/en\/wp-json\/wp\/v2\/comments?post=4788"}],"version-history":[{"count":1,"href":"https:\/\/preview.minasoft.vn\/en\/wp-json\/wp\/v2\/product\/4788\/revisions"}],"predecessor-version":[{"id":5439,"href":"https:\/\/preview.minasoft.vn\/en\/wp-json\/wp\/v2\/product\/4788\/revisions\/5439"}],"wp:featuredmedia":[{"embeddable":true,"href":"https:\/\/preview.minasoft.vn\/en\/wp-json\/wp\/v2\/media\/4789"}],"wp:attachment":[{"href":"https:\/\/preview.minasoft.vn\/en\/wp-json\/wp\/v2\/media?parent=4788"}],"wp:term":[{"taxonomy":"product_brand","embeddable":true,"href":"https:\/\/preview.minasoft.vn\/en\/wp-json\/wp\/v2\/product_brand?post=4788"},{"taxonomy":"product_cat","embeddable":true,"href":"https:\/\/preview.minasoft.vn\/en\/wp-json\/wp\/v2\/product_cat?post=4788"},{"taxonomy":"product_tag","embeddable":true,"href":"https:\/\/preview.minasoft.vn\/en\/wp-json\/wp\/v2\/product_tag?post=4788"}],"curies":[{"name":"wp","href":"https:\/\/api.w.org\/{rel}","templated":true}]}}