{"id":3996,"date":"2026-04-29T20:49:40","date_gmt":"2026-04-29T13:49:40","guid":{"rendered":"https:\/\/preview.minasoft.vn\/mau-website-vay-von-tai-chinh-ho-tro-tai-chinh-ca-nhan-cai-dat-san\/"},"modified":"2026-05-01T23:42:32","modified_gmt":"2026-05-01T16:42:32","slug":"mau-website-vay-von-tai-chinh-ho-tro-tai-chinh-ca-nhan-cai-dat-san","status":"publish","type":"product","link":"https:\/\/preview.minasoft.vn\/en\/mau-website-vay-von-tai-chinh-ho-tro-tai-chinh-ca-nhan-cai-dat-san\/","title":{"rendered":"M\u1eabu Website Vay V\u1ed1n T\u00e0i Ch\u00ednh \u2013 H\u1ed7 Tr\u1ee3 T\u00e0i Ch\u00ednh C\u00e1 Nh\u00e2n \u2013 C\u00e0i \u0110\u1eb7t S\u1eb5n"},"content":{"rendered":"","protected":false},"excerpt":{"rendered":"","protected":false},"author":2,"featured_media":3997,"comment_status":"closed","ping_status":"closed","template":"","meta":[],"product_brand":[],"product_cat":[99],"product_tag":[],"class_list":{"0":"post-3996","1":"product","2":"type-product","3":"status-publish","4":"has-post-thumbnail","6":"product_cat-tai-chinh","8":"first","9":"instock","10":"sale","11":"virtual","12":"taxable","13":"purchasable","14":"product-type-simple"},"_links":{"self":[{"href":"https:\/\/preview.minasoft.vn\/en\/wp-json\/wp\/v2\/product\/3996","targetHints":{"allow":["GET"]}}],"collection":[{"href":"https:\/\/preview.minasoft.vn\/en\/wp-json\/wp\/v2\/product"}],"about":[{"href":"https:\/\/preview.minasoft.vn\/en\/wp-json\/wp\/v2\/types\/product"}],"author":[{"embeddable":true,"href":"https:\/\/preview.minasoft.vn\/en\/wp-json\/wp\/v2\/users\/2"}],"replies":[{"embeddable":true,"href":"https:\/\/preview.minasoft.vn\/en\/wp-json\/wp\/v2\/comments?post=3996"}],"version-history":[{"count":1,"href":"https:\/\/preview.minasoft.vn\/en\/wp-json\/wp\/v2\/product\/3996\/revisions"}],"predecessor-version":[{"id":5480,"href":"https:\/\/preview.minasoft.vn\/en\/wp-json\/wp\/v2\/product\/3996\/revisions\/5480"}],"wp:featuredmedia":[{"embeddable":true,"href":"https:\/\/preview.minasoft.vn\/en\/wp-json\/wp\/v2\/media\/3997"}],"wp:attachment":[{"href":"https:\/\/preview.minasoft.vn\/en\/wp-json\/wp\/v2\/media?parent=3996"}],"wp:term":[{"taxonomy":"product_brand","embeddable":true,"href":"https:\/\/preview.minasoft.vn\/en\/wp-json\/wp\/v2\/product_brand?post=3996"},{"taxonomy":"product_cat","embeddable":true,"href":"https:\/\/preview.minasoft.vn\/en\/wp-json\/wp\/v2\/product_cat?post=3996"},{"taxonomy":"product_tag","embeddable":true,"href":"https:\/\/preview.minasoft.vn\/en\/wp-json\/wp\/v2\/product_tag?post=3996"}],"curies":[{"name":"wp","href":"https:\/\/api.w.org\/{rel}","templated":true}]}}