{"id":3463,"date":"2026-04-29T15:25:10","date_gmt":"2026-04-29T08:25:10","guid":{"rendered":"https:\/\/preview.minasoft.vn\/mau-website-trung-tam-xam-hinh-tattoo-tham-my-cai-dat-san\/"},"modified":"2026-05-02T10:18:08","modified_gmt":"2026-05-02T03:18:08","slug":"mau-website-trung-tam-xam-hinh-tattoo-tham-my-cai-dat-san","status":"publish","type":"product","link":"https:\/\/preview.minasoft.vn\/en\/mau-website-trung-tam-xam-hinh-tattoo-tham-my-cai-dat-san\/","title":{"rendered":"M\u1eabu Website Trung T\u00e2m X\u0103m H\u00ecnh Tattoo \u2013 Th\u1ea9m M\u1ef9 \u2013 C\u00e0i \u0110\u1eb7t S\u1eb5n"},"content":{"rendered":"","protected":false},"excerpt":{"rendered":"","protected":false},"author":2,"featured_media":3464,"comment_status":"closed","ping_status":"closed","template":"","meta":[],"product_brand":[],"product_cat":[86],"product_tag":[],"class_list":{"0":"post-3463","1":"product","2":"type-product","3":"status-publish","4":"has-post-thumbnail","6":"product_cat-dao-tao","8":"first","9":"instock","10":"sale","11":"virtual","12":"taxable","13":"purchasable","14":"product-type-simple"},"_links":{"self":[{"href":"https:\/\/preview.minasoft.vn\/en\/wp-json\/wp\/v2\/product\/3463","targetHints":{"allow":["GET"]}}],"collection":[{"href":"https:\/\/preview.minasoft.vn\/en\/wp-json\/wp\/v2\/product"}],"about":[{"href":"https:\/\/preview.minasoft.vn\/en\/wp-json\/wp\/v2\/types\/product"}],"author":[{"embeddable":true,"href":"https:\/\/preview.minasoft.vn\/en\/wp-json\/wp\/v2\/users\/2"}],"replies":[{"embeddable":true,"href":"https:\/\/preview.minasoft.vn\/en\/wp-json\/wp\/v2\/comments?post=3463"}],"version-history":[{"count":1,"href":"https:\/\/preview.minasoft.vn\/en\/wp-json\/wp\/v2\/product\/3463\/revisions"}],"predecessor-version":[{"id":5757,"href":"https:\/\/preview.minasoft.vn\/en\/wp-json\/wp\/v2\/product\/3463\/revisions\/5757"}],"wp:featuredmedia":[{"embeddable":true,"href":"https:\/\/preview.minasoft.vn\/en\/wp-json\/wp\/v2\/media\/3464"}],"wp:attachment":[{"href":"https:\/\/preview.minasoft.vn\/en\/wp-json\/wp\/v2\/media?parent=3463"}],"wp:term":[{"taxonomy":"product_brand","embeddable":true,"href":"https:\/\/preview.minasoft.vn\/en\/wp-json\/wp\/v2\/product_brand?post=3463"},{"taxonomy":"product_cat","embeddable":true,"href":"https:\/\/preview.minasoft.vn\/en\/wp-json\/wp\/v2\/product_cat?post=3463"},{"taxonomy":"product_tag","embeddable":true,"href":"https:\/\/preview.minasoft.vn\/en\/wp-json\/wp\/v2\/product_tag?post=3463"}],"curies":[{"name":"wp","href":"https:\/\/api.w.org\/{rel}","templated":true}]}}